{"id":109,"date":"2018-02-10T18:16:39","date_gmt":"2018-02-10T17:16:39","guid":{"rendered":"https:\/\/dahlemer-kammerorchester.de\/?page_id=109"},"modified":"2021-12-13T12:25:56","modified_gmt":"2021-12-13T11:25:56","slug":"unsere-stuecke","status":"publish","type":"page","link":"https:\/\/dahlemer-kammerorchester.de\/?page_id=109","title":{"rendered":"Unsere Musikst\u00fccke"},"content":{"rendered":"<div>Wir spielen ausschliesslich St\u00fccke, die unser Dirigent, <a href=\"https:\/\/dahlemer-kammerorchester.de\/?page_id=700\">Philip Douvier<\/a> f\u00fcr uns geschrieben hat. Solch massgeschneiderte Werke erm\u00f6glicht uns, Musiker mit verschiedensten Spielniveaus in eine Einheit zu f\u00fcgen. Es bleibt somit keiner auf der Strecke!<\/div>\n<p>&nbsp;<\/p>\n<h4><strong class=\"\">Musik nicht nur f\u00fcr kleine Menschen &#8230;<\/strong><\/h4>\n<div>\n<p>Idas Sommerlied<br class=\"\" \/>Das Pippi-Lied<br class=\"\" \/>Das Lummerlandlied<br class=\"\" \/>Eine Handvoll Erde<br class=\"\" \/>H\u00e4nsel und Gretel<br class=\"\" \/>In meinem kleinen Apfel<br class=\"\" \/>Hejo spann den Wagen an<br class=\"\" \/>Alle V\u00f6gel sind schon da<br class=\"\" \/>Happy Birthday<br class=\"\" \/>Sommerkanon<br class=\"\" \/>Hua fei Hua<br class=\"\" \/>Auf der Mauer, auf der Lauer<br class=\"\" \/>Schlaft alle<br class=\"\" \/>Ade nun zur guten Nacht<\/p>\n<p>&nbsp;<\/p>\n<h4><strong class=\"\">&#8230; \u00a0und nicht nur f\u00fcr gro\u00dfe Menschen<\/strong><\/h4>\n<\/div>\n<p>Das Wandern ist des M\u00fcllers Lust<br class=\"\" \/>Horch, was kommt von draussen rein!<br class=\"\" \/>Greensleeves<br class=\"\" \/>May the road rise<br class=\"\" \/>Wem Gott will rechte Gunst erweisen<br class=\"\" \/>Der Sperber<br class=\"\" \/>Bunt sind schon die W\u00e4lder (<a href=\"https:\/\/www.youtube.com\/watch?v=CbywZgM4gUE\" target=\"_blank\" rel=\"noopener\">Auf YouTube anh\u00f6ren<\/a>)<br class=\"\" \/>Es waren zwei K\u00f6nigskinder<br class=\"\" \/>Geh aus, mein Herz!<br class=\"\" \/>M\u00f6ge die Strasse uns zusammenf\u00fchren<br class=\"\" \/>Segne Du Maria, Gotteslob 535<br class=\"\" \/>Gr\u00fcss Gott, Du lieber Maien<br class=\"\" \/>Komm, lieber Mai! (<a href=\"https:\/\/www.youtube.com\/watch?v=kuF6BcB2GZg\" target=\"_blank\" rel=\"noopener\">Auf YouTube anh\u00f6ren<\/a>)<br class=\"\" \/>What a wonderful world<br class=\"\" \/>Teichdrama<br class=\"\" \/>Abendmusik<br class=\"\" \/>Das Alte Jahr vergangen<\/p>\n<p>&nbsp;<\/p>\n<h4><strong class=\"\">Schnulzen<\/strong><\/h4>\n<p>Smile<br class=\"\" \/>Charade<br class=\"\" \/>Das Bolle-Lied und die Berliner Luft<br class=\"\" \/>Wochenend und Sonnenschein<br class=\"\" \/>In der Bar zum Krokodil<br class=\"\" \/>Pack die Badehose ein!<br class=\"\" \/>Ein Freund, ein guter Freund<br class=\"\" \/>L-O-V-E<\/p>\n<h4><strong class=\"\">Weihnachten\/Neujahr<\/strong><\/h4>\n<p>Es ist f\u00fcr uns eine Zeit angekommen<br class=\"\" \/>H\u00f6rt der Engel helle Lieder<br class=\"\" \/>In the bleak midwinter (<a href=\"https:\/\/www.youtube.com\/watch?v=1-9egxhPr8E\" target=\"_blank\" rel=\"noopener\">Auf YouTube anh\u00f6ren<\/a>)<br class=\"\" \/>Es kommt ein Schiff geladen (<a href=\"https:\/\/www.youtube.com\/watch?v=rCmBoQ-isJc\" target=\"_blank\" rel=\"noopener\">Auf YouTube anh\u00f6ren<\/a>)<br class=\"\" \/>Se\u00f1ora Do\u00f1a Maria<br class=\"\" \/>Watt&#8217;s Cradle Hymn<br class=\"\" \/>Ihr Kinderlein, kommet<br class=\"\" \/>Der Winter ist vergangen<br class=\"\" \/>Schneefl\u00f6ckchen<br class=\"\" \/>und viele andere Advents- und Weihnachtslieder in einfachen Arrangements!<\/p>\n","protected":false},"excerpt":{"rendered":"<p>Wir spielen ausschliesslich St\u00fccke, die unser Dirigent, Philip Douvier f\u00fcr uns geschrieben hat. Solch massgeschneiderte Werke erm\u00f6glicht uns, Musiker mit verschiedensten Spielniveaus in eine Einheit zu f\u00fcgen. Es bleibt somit keiner auf der Strecke! &nbsp; Musik nicht nur f\u00fcr kleine Menschen &#8230; Idas SommerliedDas Pippi-LiedDas LummerlandliedEine Handvoll ErdeH\u00e4nsel und GretelIn [&hellip;]<\/p>\n","protected":false},"author":1,"featured_media":0,"parent":62,"menu_order":0,"comment_status":"closed","ping_status":"closed","template":"","meta":{"footnotes":""},"class_list":["post-109","page","type-page","status-publish","hentry"],"_links":{"self":[{"href":"https:\/\/dahlemer-kammerorchester.de\/index.php?rest_route=\/wp\/v2\/pages\/109","targetHints":{"allow":["GET"]}}],"collection":[{"href":"https:\/\/dahlemer-kammerorchester.de\/index.php?rest_route=\/wp\/v2\/pages"}],"about":[{"href":"https:\/\/dahlemer-kammerorchester.de\/index.php?rest_route=\/wp\/v2\/types\/page"}],"author":[{"embeddable":true,"href":"https:\/\/dahlemer-kammerorchester.de\/index.php?rest_route=\/wp\/v2\/users\/1"}],"replies":[{"embeddable":true,"href":"https:\/\/dahlemer-kammerorchester.de\/index.php?rest_route=%2Fwp%2Fv2%2Fcomments&post=109"}],"version-history":[{"count":13,"href":"https:\/\/dahlemer-kammerorchester.de\/index.php?rest_route=\/wp\/v2\/pages\/109\/revisions"}],"predecessor-version":[{"id":909,"href":"https:\/\/dahlemer-kammerorchester.de\/index.php?rest_route=\/wp\/v2\/pages\/109\/revisions\/909"}],"up":[{"embeddable":true,"href":"https:\/\/dahlemer-kammerorchester.de\/index.php?rest_route=\/wp\/v2\/pages\/62"}],"wp:attachment":[{"href":"https:\/\/dahlemer-kammerorchester.de\/index.php?rest_route=%2Fwp%2Fv2%2Fmedia&parent=109"}],"curies":[{"name":"wp","href":"https:\/\/api.w.org\/{rel}","templated":true}]}}