{"id":62,"date":"2017-06-01T19:02:12","date_gmt":"2017-06-01T17:02:12","guid":{"rendered":"https:\/\/dahlemer-kammerorchester.de\/?page_id=62"},"modified":"2024-03-11T12:43:23","modified_gmt":"2024-03-11T11:43:23","slug":"das-repertoire","status":"publish","type":"page","link":"https:\/\/dahlemer-kammerorchester.de\/?page_id=62","title":{"rendered":"Unser Repertoire"},"content":{"rendered":"<p><span style=\"color: #000000;\">Ein besonderes Ensemble wie das Dahlemer Kammerorchester bedarf eines ebenso besonderen Repertoires.<\/span><\/p>\n<p><span style=\"color: #000000;\">Alle Werke werden arrangiert und komponiert von\u00a0<a href=\"https:\/\/dahlemer-kammerorchester.de\/?page_id=700\" style=\"color: #000000;\">Philip Douvier,<\/a> dem k\u00fcnstlerischen Leiter und Trainer des Dahlemer Kammerorchesters.<\/span><\/p>\n<p><span style=\"color: #000000;\"><img loading=\"lazy\" decoding=\"async\" class=\"size-medium wp-image-78 alignleft\" src=\"https:\/\/dahlemer-kammerorchester.de\/wp-content\/uploads\/2017\/06\/Probenphoto-e1492161140923-300x197-300x197.jpg\" alt=\"\" width=\"300\" height=\"197\" \/>Eine der grundlegenden Ideen seiner Arbeit: vor allem den j\u00fcngeren oder noch nicht lange orchestererfahrenen Musikern Einblicke in die Sch\u00f6nheiten der gro\u00dfen symphonischen Kompositionen zu geben.<\/span><\/p>\n<p><span style=\"color: #000000;\">Volkslieder wie z.B. \u201eDas Wandern ist des M\u00fcllers Lust\u201c erklingen in den musikalischen Sprachen der gro\u00dfen Komponisten wie Brahms, Mendelssohn, Wagner oder Strauss.<\/span><\/p>\n<p><span style=\"color: #000000;\"><em>Hier kannst du mal reinh\u00f6ren, wie das klingt, z.B.<\/em><\/span><\/p>\n<p><span style=\"color: #000000;\">Es kommt ein Schiff, geladen<\/span><\/p>\n<p><iframe loading=\"lazy\" title=\"Es kommt ein Schiff, geladen\" width=\"750\" height=\"422\" src=\"https:\/\/www.youtube.com\/embed\/rCmBoQ-isJc?feature=oembed\" frameborder=\"0\" allow=\"accelerometer; autoplay; clipboard-write; encrypted-media; gyroscope; picture-in-picture; web-share\" allowfullscreen><\/iframe><\/p>\n<p>Komm, lieber Mai<\/p>\n<p><iframe loading=\"lazy\" title=\"Komm lieber Mai\" width=\"750\" height=\"422\" src=\"https:\/\/www.youtube.com\/embed\/kuF6BcB2GZg?feature=oembed\" frameborder=\"0\" allow=\"accelerometer; autoplay; clipboard-write; encrypted-media; gyroscope; picture-in-picture; web-share\" allowfullscreen><\/iframe><\/p>\n<p><span style=\"color: #000000;\">Die Musiker ergr\u00fcnden dabei Instrumentationsweisen, entziffern verschiedene Notationsformen, lernen musikalische Fachausdr\u00fccke in verschiedenen Sprachen kennen, jonglieren mit Eins\u00e4tzen zwischen den Stimmgruppen und anderen Musiker-Geheimzeichen \u2013 kurz:<\/span><\/p>\n<p><span style=\"color: #000000;\"><em>das Dahlemer Kammerorchester dringt in musikalische Regionen vor,<\/em><\/span><br \/>\n<span style=\"color: #000000;\"><em>die nie zuvor ein Dreigenerationenorchester gesehen hat!<\/em><\/span><\/p>\n<p><span style=\"color: #000000;\"><img loading=\"lazy\" decoding=\"async\" class=\"size-medium wp-image-81 alignleft\" src=\"https:\/\/dahlemer-kammerorchester.de\/wp-content\/uploads\/2017\/06\/Scan-300x222-300x222.jpeg\" alt=\"\" width=\"300\" height=\"222\" \/>Unter vielen anderen Musikst\u00fccken entstand in der musikalischen Werkstatt des Dahlemer Kammerorchesters die \u201eWaldsymphonie\u201c, komponiert von Philip Douvier: eine klassisch viers\u00e4tzige Symphonie, deren musikalisches Material sich aus Volksliedern rund um den Wald zusammensetzt.<\/span><\/p>\n<p><span style=\"color: #000000;\">W\u00e4hrend der Kompositionsprozess noch in vollem Gange war, probte das Orchester die schon fertig gestellten Abschnitte und war so bei der Entstehung der Symphonie hautnah dabei.<\/span><\/p>\n","protected":false},"excerpt":{"rendered":"<p>Ein besonderes Ensemble wie das Dahlemer Kammerorchester bedarf eines ebenso besonderen Repertoires. Alle Werke werden arrangiert und komponiert von\u00a0Philip Douvier, dem k\u00fcnstlerischen Leiter und Trainer des Dahlemer Kammerorchesters. Eine der grundlegenden Ideen seiner Arbeit: vor allem den j\u00fcngeren oder noch nicht lange orchestererfahrenen Musikern Einblicke in die Sch\u00f6nheiten der gro\u00dfen [&hellip;]<\/p>\n","protected":false},"author":1,"featured_media":546,"parent":0,"menu_order":0,"comment_status":"closed","ping_status":"closed","template":"","meta":{"footnotes":""},"class_list":["post-62","page","type-page","status-publish","has-post-thumbnail","hentry"],"_links":{"self":[{"href":"https:\/\/dahlemer-kammerorchester.de\/index.php?rest_route=\/wp\/v2\/pages\/62","targetHints":{"allow":["GET"]}}],"collection":[{"href":"https:\/\/dahlemer-kammerorchester.de\/index.php?rest_route=\/wp\/v2\/pages"}],"about":[{"href":"https:\/\/dahlemer-kammerorchester.de\/index.php?rest_route=\/wp\/v2\/types\/page"}],"author":[{"embeddable":true,"href":"https:\/\/dahlemer-kammerorchester.de\/index.php?rest_route=\/wp\/v2\/users\/1"}],"replies":[{"embeddable":true,"href":"https:\/\/dahlemer-kammerorchester.de\/index.php?rest_route=%2Fwp%2Fv2%2Fcomments&post=62"}],"version-history":[{"count":13,"href":"https:\/\/dahlemer-kammerorchester.de\/index.php?rest_route=\/wp\/v2\/pages\/62\/revisions"}],"predecessor-version":[{"id":1314,"href":"https:\/\/dahlemer-kammerorchester.de\/index.php?rest_route=\/wp\/v2\/pages\/62\/revisions\/1314"}],"wp:featuredmedia":[{"embeddable":true,"href":"https:\/\/dahlemer-kammerorchester.de\/index.php?rest_route=\/wp\/v2\/media\/546"}],"wp:attachment":[{"href":"https:\/\/dahlemer-kammerorchester.de\/index.php?rest_route=%2Fwp%2Fv2%2Fmedia&parent=62"}],"curies":[{"name":"wp","href":"https:\/\/api.w.org\/{rel}","templated":true}]}}