{"id":68,"date":"2017-06-01T19:08:08","date_gmt":"2017-06-01T19:08:08","guid":{"rendered":"https:\/\/dahlemer-kammerorchester.de\/?page_id=68"},"modified":"2021-12-12T21:13:44","modified_gmt":"2021-12-12T20:13:44","slug":"sind-sie-neugierig-geworden","status":"publish","type":"page","link":"https:\/\/dahlemer-kammerorchester.de\/?page_id=68","title":{"rendered":"Bist du neugierig geworden?"},"content":{"rendered":"<p class=\"entry-header\"><span style=\"font-size: Revert; color: initial;\">Wir informieren dich gern ausf\u00fchrlicher \u00fcber unsere musikalischen Aktivit\u00e4ten, Mitspiel- und Anh\u00f6rm\u00f6glichkeiten \u2013\u00a0<\/span><span style=\"color: #000000;\">und \u00fcber\u00a0Wege, das Dahlemer Kammerorchester zu unterst\u00fctzen!<\/span><\/p>\n<p><img loading=\"lazy\" decoding=\"async\" class=\"alignnone wp-image-503 size-full\" src=\"https:\/\/dahlemer-kammerorchester.de\/wp-content\/uploads\/2021\/08\/171406950_1174689792982640_5981177191862792459_n-1.jpeg\" alt=\"\" width=\"206\" height=\"206\" srcset=\"https:\/\/dahlemer-kammerorchester.de\/wp-content\/uploads\/2021\/08\/171406950_1174689792982640_5981177191862792459_n-1.jpeg 206w, https:\/\/dahlemer-kammerorchester.de\/wp-content\/uploads\/2021\/08\/171406950_1174689792982640_5981177191862792459_n-1-150x150.jpeg 150w\" sizes=\"auto, (max-width: 206px) 100vw, 206px\" \/><\/p>\n<p><span style=\"color: initial;\">Philip Douvier<\/span><\/p>\n<div class=\"entry-content\"><span style=\"color: #000000;\">Flanaganstra\u00dfe 37,\u00a014195 Berlin<\/span><br \/>\n<span style=\"color: #000000;\">0157 8781 7717<\/span><br \/>\n<a href=\"mailto:philip@douvier.de\">philip@douvier.de<\/a><\/div>\n","protected":false},"excerpt":{"rendered":"<p>Wir informieren dich gern ausf\u00fchrlicher \u00fcber unsere musikalischen Aktivit\u00e4ten, Mitspiel- und Anh\u00f6rm\u00f6glichkeiten \u2013\u00a0und \u00fcber\u00a0Wege, das Dahlemer Kammerorchester zu unterst\u00fctzen! Philip Douvier Flanaganstra\u00dfe 37,\u00a014195 Berlin 0157 8781 7717 philip@douvier.de<\/p>\n","protected":false},"author":1,"featured_media":546,"parent":0,"menu_order":0,"comment_status":"closed","ping_status":"closed","template":"","meta":{"footnotes":""},"class_list":["post-68","page","type-page","status-publish","has-post-thumbnail","hentry"],"_links":{"self":[{"href":"https:\/\/dahlemer-kammerorchester.de\/index.php?rest_route=\/wp\/v2\/pages\/68","targetHints":{"allow":["GET"]}}],"collection":[{"href":"https:\/\/dahlemer-kammerorchester.de\/index.php?rest_route=\/wp\/v2\/pages"}],"about":[{"href":"https:\/\/dahlemer-kammerorchester.de\/index.php?rest_route=\/wp\/v2\/types\/page"}],"author":[{"embeddable":true,"href":"https:\/\/dahlemer-kammerorchester.de\/index.php?rest_route=\/wp\/v2\/users\/1"}],"replies":[{"embeddable":true,"href":"https:\/\/dahlemer-kammerorchester.de\/index.php?rest_route=%2Fwp%2Fv2%2Fcomments&post=68"}],"version-history":[{"count":13,"href":"https:\/\/dahlemer-kammerorchester.de\/index.php?rest_route=\/wp\/v2\/pages\/68\/revisions"}],"predecessor-version":[{"id":541,"href":"https:\/\/dahlemer-kammerorchester.de\/index.php?rest_route=\/wp\/v2\/pages\/68\/revisions\/541"}],"wp:featuredmedia":[{"embeddable":true,"href":"https:\/\/dahlemer-kammerorchester.de\/index.php?rest_route=\/wp\/v2\/media\/546"}],"wp:attachment":[{"href":"https:\/\/dahlemer-kammerorchester.de\/index.php?rest_route=%2Fwp%2Fv2%2Fmedia&parent=68"}],"curies":[{"name":"wp","href":"https:\/\/api.w.org\/{rel}","templated":true}]}}