{"id":700,"date":"2021-12-11T16:05:30","date_gmt":"2021-12-11T15:05:30","guid":{"rendered":"https:\/\/dahlemer-kammerorchester.de\/?page_id=700"},"modified":"2021-12-12T21:13:24","modified_gmt":"2021-12-12T20:13:24","slug":"unser-trainer-philip-douvier","status":"publish","type":"page","link":"https:\/\/dahlemer-kammerorchester.de\/?page_id=700","title":{"rendered":"Der Trainer des Dahlemer Kammerorchester: Philip Douvier"},"content":{"rendered":"\r\n<div class=\"wp-block-group\"><div class=\"wp-block-group__inner-container is-layout-flow wp-block-group-is-layout-flow\">\r\n<div class=\"wp-block-columns are-vertically-aligned-top is-layout-flex wp-container-core-columns-is-layout-28f84493 wp-block-columns-is-layout-flex\">\r\n<div class=\"wp-block-column is-vertically-aligned-top is-layout-flow wp-block-column-is-layout-flow\" style=\"flex-basis: 100%;\">\r\n<p><img loading=\"lazy\" decoding=\"async\" class=\" wp-image-715 alignleft\" src=\"https:\/\/dahlemer-kammerorchester.de\/wp-content\/uploads\/2021\/12\/Philip-close.jpg\" alt=\"\" width=\"158\" height=\"211\" \/>Ich habe mit sechs Jahren auf der Violine angefangen, studierte dann Bratsche an der Hochschule der K\u00fcnste Berlin und absolvierte den Studiengang Kammermusik mit Auszeichnung.<\/p>\r\n\r\n\r\n\r\n<p>Mit dem Jacques Thibaud Trio Berlin konzertierte ich\u00a015 Jahre in Deutschland und seinen Nachbarl\u00e4ndern, in den USA und Japan und ver\u00f6ffentlichte mehrere CDs.<\/p>\r\n\r\n\r\n\r\n<p>W\u00e4hrend\u00a0meiner intensiven Arbeit mit Kindern habe ich\u00a0in den letzten Jahren auch noch Cello- und\u00a0Kontrabassspielen gelernt, um die Musik aus immer neuen Perspektiven zu entdecken.<\/p>\r\n\r\n\r\n\r\n<p>Ich f\u00fchle mich auf dem H\u00f6hepunkt meiner Musikbegeisterung und meiner Lust am Spielen, und das gebe ich gerne weiter!<\/p>\r\n<\/div>\r\n<\/div>\r\n<\/div><\/div>\r\n\r\n\r\n\r\n<p>\u00a0<strong>Schon fast ein halbes Jahrhundert lang begleitet mich die Musik:<\/strong><\/p>\r\n\r\n\r\n\r\n<div class=\"wp-block-image wp-image-181 size-medium is-style-default\">\r\n<figure class=\"alignright size-full is-resized\"><img loading=\"lazy\" decoding=\"async\" src=\"https:\/\/dahlemer-kammerorchester.de\/wp-content\/uploads\/2021\/12\/Quetsche.jpg\" alt=\"\" class=\"wp-image-714\" width=\"219\" height=\"142\" \/>\r\n<figcaption><span class=\"Apple-converted-space\">\u00a0<\/span><em>zur Strassenmusik ist es von hier nicht mehr weit<\/em><\/figcaption>\r\n<\/figure>\r\n<\/div>\r\n\r\n\r\n\r\n<p>als Konzertbesucher beim Amadeus Quartett noch im Bauch meiner Mutter, Radio und Schallplatten lauschend als Heranwachsender, als Geigensch\u00fcler, als jugendlicher Stra\u00dfenmusiker mit meinem Streichquartett;<\/p>\r\n\r\n\r\n\r\n<div class=\"wp-block-image wp-image-189 is-style-default\">\r\n<figure class=\"alignleft size-full is-resized\"><img loading=\"lazy\" decoding=\"async\" src=\"https:\/\/dahlemer-kammerorchester.de\/wp-content\/uploads\/2021\/12\/braver-Bratscher.jpg\" alt=\"\" class=\"wp-image-713\" width=\"79\" height=\"249\" \/>\r\n<figcaption><span class=\"Apple-converted-space\">\u00a0<\/span><em>Musik jetzt auch in Geb\u00e4uden<\/em><\/figcaption>\r\n<\/figure>\r\n<\/div>\r\n\r\n\r\n\r\n<p>sp\u00e4ter als Musikstudent an der UdK, dann 15 Jahre lang als weltreisender Kammermusiker im Jacques Thibaud Trio Berlin; und seit der Geburt unserer Kinder immer mehr als\u00a0<a rel=\"noreferrer noopener\" href=\"http:\/\/www.musiker.erlebnis-kammermusik.de\/\" target=\"_blank\">Arrangeur, Komponist, Instrumentallehrer<\/a>, Veranstalter von\u00a0<a href=\"http:\/\/www.erlebnis-kammermusik.de\/\">Ferienmusikcamps f\u00fcr Kinder und Jugendliche<\/a>\u00a0und Leiter des\u00a0<a href=\"http:\/\/www.orchester.erlebnis-kammermusik.de\/\">Dahlemer Kammerorchesters<\/a>.<\/p>\r\n\r\n\r\n\r\n<div class=\"wp-block-image wp-image-183 size-thumbnail is-style-default\">\r\n<figure class=\"alignright size-full\"><img loading=\"lazy\" decoding=\"async\" width=\"150\" height=\"150\" src=\"https:\/\/dahlemer-kammerorchester.de\/wp-content\/uploads\/2021\/12\/grosse-Geige.jpg\" alt=\"\" class=\"wp-image-712\" \/>\r\n<figcaption><span class=\"Apple-converted-space\">\u00a0<\/span><em>grosse Geigen ..<\/em>.<\/figcaption>\r\n<\/figure>\r\n<\/div>\r\n\r\n\r\n\r\n<p>&nbsp;<\/p>\r\n\r\n\r\n\r\n<p>Das Musizieren hat mich in all diesen Jahren durch H\u00f6henfl\u00fcge und Krisen \u00a0begleitet, vielfach auch gesch\u00fctzt und geheilt. Mit den Jahren wuchs meine Neugier, was eigentlich in uns geschieht, wenn wir Musik h\u00f6ren oder spielen.<\/p>\r\n\r\n\r\n\r\n<p>&nbsp;<\/p>\r\n\r\n\r\n\r\n<p>Diese Neugier f\u00fchrte mich 2014 zum Studium am\u00a0Institut f\u00fcr Musiktherapie Berlin.\u00a0<\/p>\r\n\r\n\r\n\r\n<p>Dort erlernte ich den therapeutischen Einsatz von Musik, mir immer mehr und immer neue Fragen zu stellen &#8211; und mit vollen Segeln auf Entdeckungsreise zu bleiben.<\/p>\r\n\r\n\r\n\r\n<div class=\"wp-block-image wp-image-184 size-thumbnail is-style-default\">\r\n<figure class=\"alignleft\"><img decoding=\"async\" src=\"http:\/\/therapie.erlebnis-kammermusik.de\/wp-content\/uploads\/2017\/03\/Minicello-150x150.jpg\" alt=\"\" class=\"wp-image-184\" \/>\r\n<figcaption><span class=\"Apple-converted-space\">\u00a0<\/span>..<em>. und kleine Geigen<\/em><\/figcaption>\r\n<\/figure>\r\n<\/div>\r\n\r\n\r\n\r\n<p>Seit 2016 bin ich\u00a0Heilpraktiker f\u00fcr Psychotherapie und bilde mich gegenw\u00e4rtig zum Traumatherapeuten fort.<\/p>\r\n\r\n\r\n\r\n<div class=\"wp-block-image wp-image-182 size-medium is-style-default\">\r\n<figure class=\"alignright\"><img decoding=\"async\" src=\"http:\/\/therapie.erlebnis-kammermusik.de\/wp-content\/uploads\/2017\/03\/Alphorn-300x225.jpg\" alt=\"\" class=\"wp-image-182\" \/>\r\n<figcaption><span class=\"Apple-converted-space\">\u00a0<\/span><em>&#8230; h\u00f6rt man bis Gondor<\/em><\/figcaption>\r\n<\/figure>\r\n<\/div>\r\n\r\n\r\n\r\n<p>&nbsp;<\/p>\r\n\r\n\r\n\r\n<p>Mein eigenes Musizieren hat auf diesem Weg eine erf\u00fcllende Farbenvielfalt, Kraft und Vitalit\u00e4t gewonnen.<\/p>\r\n\r\n\r\n\r\n<p>In\u00a0meiner musikalischen Arbeit bewundere ich mehr denn je die Tiefe der Begegnung zwischen Menschen, die uns nur die Musik bietet:<\/p>\r\n\r\n\r\n\r\n<p><em>&#8222;Die Musik dr\u00fcckt das aus, was nicht gesagt werden kann und wor\u00fcber zu schweigen unm\u00f6glich ist.&#8220;\u00a0<\/em><br \/>Victor Hugo<\/p>\r\n","protected":false},"excerpt":{"rendered":"<p>Ich habe mit sechs Jahren auf der Violine angefangen, studierte dann Bratsche an der Hochschule der K\u00fcnste Berlin und absolvierte den Studiengang Kammermusik mit Auszeichnung. Mit dem Jacques Thibaud Trio Berlin konzertierte ich\u00a015 Jahre in Deutschland und seinen Nachbarl\u00e4ndern, in den USA und Japan und ver\u00f6ffentlichte mehrere CDs. W\u00e4hrend\u00a0meiner intensiven [&hellip;]<\/p>\n","protected":false},"author":3,"featured_media":546,"parent":0,"menu_order":0,"comment_status":"closed","ping_status":"closed","template":"","meta":{"footnotes":""},"class_list":["post-700","page","type-page","status-publish","has-post-thumbnail","hentry"],"_links":{"self":[{"href":"https:\/\/dahlemer-kammerorchester.de\/index.php?rest_route=\/wp\/v2\/pages\/700","targetHints":{"allow":["GET"]}}],"collection":[{"href":"https:\/\/dahlemer-kammerorchester.de\/index.php?rest_route=\/wp\/v2\/pages"}],"about":[{"href":"https:\/\/dahlemer-kammerorchester.de\/index.php?rest_route=\/wp\/v2\/types\/page"}],"author":[{"embeddable":true,"href":"https:\/\/dahlemer-kammerorchester.de\/index.php?rest_route=\/wp\/v2\/users\/3"}],"replies":[{"embeddable":true,"href":"https:\/\/dahlemer-kammerorchester.de\/index.php?rest_route=%2Fwp%2Fv2%2Fcomments&post=700"}],"version-history":[{"count":15,"href":"https:\/\/dahlemer-kammerorchester.de\/index.php?rest_route=\/wp\/v2\/pages\/700\/revisions"}],"predecessor-version":[{"id":862,"href":"https:\/\/dahlemer-kammerorchester.de\/index.php?rest_route=\/wp\/v2\/pages\/700\/revisions\/862"}],"wp:featuredmedia":[{"embeddable":true,"href":"https:\/\/dahlemer-kammerorchester.de\/index.php?rest_route=\/wp\/v2\/media\/546"}],"wp:attachment":[{"href":"https:\/\/dahlemer-kammerorchester.de\/index.php?rest_route=%2Fwp%2Fv2%2Fmedia&parent=700"}],"curies":[{"name":"wp","href":"https:\/\/api.w.org\/{rel}","templated":true}]}}