{"id":864,"date":"2021-12-12T21:16:50","date_gmt":"2021-12-12T20:16:50","guid":{"rendered":"https:\/\/dahlemer-kammerorchester.de\/?page_id=864"},"modified":"2025-06-30T14:07:16","modified_gmt":"2025-06-30T12:07:16","slug":"wir-sind-ein-lernorchester","status":"publish","type":"page","link":"https:\/\/dahlemer-kammerorchester.de\/?page_id=864","title":{"rendered":"Ein Lernorchester?"},"content":{"rendered":"<p><span style=\"color: #000000;\">Das Dahlemer Kammerorchester\u00a0gibt&#8217;s seit 15 Jahren.<\/span><\/p>\n<p><span style=\"color: #000000;\"><img loading=\"lazy\" decoding=\"async\" src=\"https:\/\/dahlemer-kammerorchester.de\/wp-content\/uploads\/2022\/08\/DKO-300x169.jpeg\" alt=\"\" width=\"300\" height=\"169\" class=\"wp-image-1042 size-medium alignleft\" srcset=\"https:\/\/dahlemer-kammerorchester.de\/wp-content\/uploads\/2022\/08\/DKO-300x169.jpeg 300w, https:\/\/dahlemer-kammerorchester.de\/wp-content\/uploads\/2022\/08\/DKO-768x432.jpeg 768w, https:\/\/dahlemer-kammerorchester.de\/wp-content\/uploads\/2022\/08\/DKO.jpeg 1024w\" sizes=\"auto, (max-width: 300px) 100vw, 300px\" \/>Drei Generationen musikbegeisterter Anf\u00e4nger und Fortgeschrittener gehen dort jede Woche auf Entdeckungsreise.<\/span><\/p>\n<p><span style=\"color: #000000;\">Ein vom <a href=\"https:\/\/dahlemer-kammerorchester.de\/?page_id=700\" style=\"color: #000000;\">Trainer Philip<\/a> massgeschneidertes Repertoire f\u00fchrt die Kapelle dabei durch musikalische Genres und Stilepochen, in die noch nie ein Dreigenerationenorchester vorgedrungen ist.<\/span><\/p>\n<p><span style=\"color: #000000;\">Da fast alle St\u00fccke f\u00fcr das Dahlemer Kammerorchester selbst arrangiert und\u00a0komponiert sind, gibt es diese Musik nirgendwo sonst auf dem Planeten zu h\u00f6ren! <a href=\"https:\/\/dahlemer-kammerorchester.de\/?page_id=673\" style=\"color: #000000;\">Hier kannst du mal reinlauschen.<\/a><\/span><\/p>\n<p><span style=\"color: #000000;\">2024 bietet das Dahlemer Kammerorchester eine bunte Mischung aus Streicher- und Bl\u00e4serworkshops, <a href=\"https:\/\/dahlemer-kammerorchester.de\/?page_id=562\" style=\"color: #000000;\">Mitmachproben zum Reinschneien und Mitmachen<\/a>\u00a0und nat\u00fcrlich sch\u00f6ne Konzerte!<\/span><\/p>\n<div id=\"attachment_952\" style=\"width: 191px\" class=\"wp-caption alignright\"><a href=\"https:\/\/dahlemer-kammerorchester.de\/?page_id=520\" style=\"color: #000000;\"><img loading=\"lazy\" decoding=\"async\" aria-describedby=\"caption-attachment-952\" src=\"https:\/\/dahlemer-kammerorchester.de\/wp-content\/uploads\/2021\/12\/power-1-300x300.jpeg\" alt=\"\" width=\"181\" height=\"181\" class=\"wp-image-952\" srcset=\"https:\/\/dahlemer-kammerorchester.de\/wp-content\/uploads\/2021\/12\/power-1-300x300.jpeg 300w, https:\/\/dahlemer-kammerorchester.de\/wp-content\/uploads\/2021\/12\/power-1-150x150.jpeg 150w, https:\/\/dahlemer-kammerorchester.de\/wp-content\/uploads\/2021\/12\/power-1.jpeg 320w\" sizes=\"auto, (max-width: 181px) 100vw, 181px\" \/><\/a><p id=\"caption-attachment-952\" class=\"wp-caption-text\"><span style=\"color: #000000;\">Lust auf eine Powerprobe?<\/span><\/p><\/div>\n<p><span style=\"color: #000000;\">Herzst\u00fcck der Proben ist nat\u00fcrlich die Kaffeepause mit Leckerli und Kuchen, und der Gelegenheit, die Mitspieler auch mal ohne Trompete im Mund oder Geige an der Backe kennen zu lernen.<\/span><\/p>\n<div id=\"attachment_1010\" style=\"width: 233px\" class=\"wp-caption alignleft\"><img loading=\"lazy\" decoding=\"async\" aria-describedby=\"caption-attachment-1010\" class=\"wp-image-1010\" src=\"https:\/\/unterricht.erlebnis-kammermusik.de\/wp-content\/uploads\/2021\/12\/RXDD3813-300x225.jpg\" alt=\"\" width=\"223\" height=\"167\" \/><p id=\"caption-attachment-1010\" class=\"wp-caption-text\"><span style=\"color: #000000;\">Feuerprobe des Dahlemer Kammerorchesters<\/span><\/p><\/div>\n<p><span style=\"color: #000000;\">Wer&#8217;s noch weiter treiben will, kann <a href=\"https:\/\/dahlemer-kammerorchester.de\/wp-content\/uploads\/2021\/12\/Kammermusikreise-2022-2.pdf\" style=\"color: #000000;\">mit auf unsere traditionelle Orchesterreise an Himmelfahrt kommen!<\/a><\/span><\/p>\n<p><span style=\"color: #000000;\">Hier gibt es zus\u00e4tzlich zum Musizieren auch noch die M\u00f6glichkeit zusammen im Meer zu baden, zu Grillen und am Lagerfeuer zu sitzen &#8230;<\/span><\/p>\n<p><span style=\"color: #000000;\">Neugierig geworden?<\/span><\/p>\n<p><span style=\"color: #000000;\"><strong>Da hilft nur eins: hinkommen und mitspielen!<\/strong><\/span><\/p>\n<p><span style=\"color: #000000;\"><em>Oje, vielleicht bin ich daf\u00fcr nicht &#8222;gut genug&#8220; <\/em>? <a href=\"https:\/\/dahlemer-kammerorchester.de\/?page_id=556\" style=\"color: #000000;\">Dann lies das hier<\/a>!<\/span><\/p>\n<p><span style=\"color: #000000;\">Bitte melde dich vorher an: am besten direkt bei Philip, Tel. oder WhatsApp 0157 87817717 oder <a href=\"mailto:Philip@douvier.de\" style=\"color: #000000;\">Philip@douvier.de<\/a>\u00a0&#8211; <span>oder\u00a0<\/span><a href=\"https:\/\/dahlemer-kammerorchester.de\/?page_id=1157\" data-type=\"page\" data-id=\"637\">\u00fcber dieses Formular<\/a>.<\/span><\/p>\n<p><span style=\"color: #000000;\">Wenn du mal ausprobieren m\u00f6chtest, was das \u00fcberhaupt f\u00fcr Leute sind, sei willkommen <a href=\"https:\/\/dahlemer-kammerorchester.de\/?page_id=562\" style=\"color: #000000;\">zu unseren Mitmachproben!<\/a><\/span><\/p>\n<p><span style=\"color: #000000;\"><strong>Was brauchst du, um beim Dahlemer Kammerorchester mitmachen zu k\u00f6nnen?<\/strong><\/span><\/p>\n<ul>\n<li><span style=\"color: #000000;\">ein Orchesterinstrument, auf das du neugierig bist<\/span><\/li>\n<li><span style=\"color: #000000;\">Neugier auf ein Repertoire, das nirgendwo sonst auf dem Planeten gespielt wird<\/span><\/li>\n<li><span style=\"color: #000000;\">Bock auf ein musikbegeistertes Dreigenerationen-Ensemble<\/span><\/li>\n<li><span style=\"color: #000000;\">einen Notenst\u00e4nder und <a href=\"https:\/\/notenarchiv.erlebnis-kammermusik.de\/download\/orchesternoten\" style=\"color: #000000;\">deine eigenen Noten!<\/a> *<\/span><\/li>\n<\/ul>\n<p><span style=\"color: #000000;\">(* das Passwort f\u00fcr unser prallgef\u00fclltes Notenarchiv bekommst du wenn du dich anmeldest! \ud83d\ude42<\/span><a href=\"https:\/\/dahlemer-kammerorchester.de\/?page_id=972\"><span style=\"color: #000000;\"><strong><\/strong><\/span><\/a><\/p>\n<p><span style=\"color: #000000;\"><strong>Drei Generationen musizieren zusammen?<\/strong><\/span><\/p>\n<p><span>Jup! Das geht sehr gut. Manche Menschen spielen seit zwei Monaten ihr Instrument, andere seit 40 oder 50 Jahren. Und in jedem Alter gibt es etwas Neues zu lernen!<\/span><\/p>\n<p><span style=\"color: #000000;\"><strong>Was sie verbindet?<\/strong><\/span><\/p>\n<p><span style=\"color: #000000;\">Ihre Begeisterung und Intensit\u00e4t des Spielens: Kinder k\u00f6nnen im Spiel versinken, Erwachsene sehnen sich nach spielerischen Momenten, um sich von Arbeit und Leistungsdruck zu erholen, \u00e4ltere Menschen freuen sich, endlich Zeit und Ruhe zu haben, um sich der Musik und ihrem Instrument zu widmen.<\/span><\/p>\n<p><span style=\"color: #000000;\">In seinem spielerischen Feuereifer bildet das Dahlemer Kammerorchester eine\u00a0sehr homogene und kraftvolle Einheit.<\/span><\/p>\n<p><span style=\"color: #000000;\">Seit 2015 ist das Orchester als eingetragener Verein organisiert. Informationen \u00fcber die Arbeit des Vereins und M\u00f6glichkeiten, dieses besondere Orchester in seinem Fortbestehen zu unterst\u00fctzen,\u00a0<a href=\"mailto: philip@douvier.de\" style=\"color: #000000;\">erh\u00e4ltst du hier.<\/a><\/span><\/p>\n","protected":false},"excerpt":{"rendered":"<p>Das Dahlemer Kammerorchester\u00a0gibt&#8217;s seit 15 Jahren. Drei Generationen musikbegeisterter Anf\u00e4nger und Fortgeschrittener gehen dort jede Woche auf Entdeckungsreise. Ein vom Trainer Philip massgeschneidertes Repertoire f\u00fchrt die Kapelle dabei durch musikalische Genres und Stilepochen, in die noch nie ein Dreigenerationenorchester vorgedrungen ist. Da fast alle St\u00fccke f\u00fcr das Dahlemer Kammerorchester selbst [&hellip;]<\/p>\n","protected":false},"author":3,"featured_media":546,"parent":0,"menu_order":0,"comment_status":"closed","ping_status":"closed","template":"","meta":{"footnotes":""},"class_list":["post-864","page","type-page","status-publish","has-post-thumbnail","hentry"],"_links":{"self":[{"href":"https:\/\/dahlemer-kammerorchester.de\/index.php?rest_route=\/wp\/v2\/pages\/864","targetHints":{"allow":["GET"]}}],"collection":[{"href":"https:\/\/dahlemer-kammerorchester.de\/index.php?rest_route=\/wp\/v2\/pages"}],"about":[{"href":"https:\/\/dahlemer-kammerorchester.de\/index.php?rest_route=\/wp\/v2\/types\/page"}],"author":[{"embeddable":true,"href":"https:\/\/dahlemer-kammerorchester.de\/index.php?rest_route=\/wp\/v2\/users\/3"}],"replies":[{"embeddable":true,"href":"https:\/\/dahlemer-kammerorchester.de\/index.php?rest_route=%2Fwp%2Fv2%2Fcomments&post=864"}],"version-history":[{"count":19,"href":"https:\/\/dahlemer-kammerorchester.de\/index.php?rest_route=\/wp\/v2\/pages\/864\/revisions"}],"predecessor-version":[{"id":1639,"href":"https:\/\/dahlemer-kammerorchester.de\/index.php?rest_route=\/wp\/v2\/pages\/864\/revisions\/1639"}],"wp:featuredmedia":[{"embeddable":true,"href":"https:\/\/dahlemer-kammerorchester.de\/index.php?rest_route=\/wp\/v2\/media\/546"}],"wp:attachment":[{"href":"https:\/\/dahlemer-kammerorchester.de\/index.php?rest_route=%2Fwp%2Fv2%2Fmedia&parent=864"}],"curies":[{"name":"wp","href":"https:\/\/api.w.org\/{rel}","templated":true}]}}